{"id":1302,"date":"2023-03-26T13:47:01","date_gmt":"2023-03-26T13:47:01","guid":{"rendered":"http:\/\/kombiniselbiseleri.com.tr\/?post_type=product&#038;p=1302"},"modified":"2023-04-12T15:30:32","modified_gmt":"2023-04-12T15:30:32","slug":"askili-onluk","status":"publish","type":"product","link":"http:\/\/kombiniselbiseleri.com.tr\/index.php\/urun\/askili-onluk\/","title":{"rendered":"Ask\u0131l\u0131 \u00d6nl\u00fck"},"content":{"rendered":"","protected":false},"excerpt":{"rendered":"","protected":false},"featured_media":1209,"template":"","meta":{"_kad_post_transparent":"default","_kad_post_title":"","_kad_post_layout":"default","_kad_post_sidebar_id":"","_kad_post_content_style":"default","_kad_post_vertical_padding":"default","_kad_post_feature":"","_kad_post_feature_position":"","_kad_post_header":false,"_kad_post_footer":false},"product_brand":[],"product_cat":[45],"product_tag":[],"class_list":{"0":"post-1302","1":"product","2":"type-product","3":"status-publish","4":"has-post-thumbnail","6":"product_cat-askili-onlukler","8":"first","9":"instock","10":"featured","11":"shipping-taxable","12":"product-type-simple","13":"entry","14":"content-bg","15":"loop-entry"},"_links":{"self":[{"href":"http:\/\/kombiniselbiseleri.com.tr\/index.php\/wp-json\/wp\/v2\/product\/1302","targetHints":{"allow":["GET"]}}],"collection":[{"href":"http:\/\/kombiniselbiseleri.com.tr\/index.php\/wp-json\/wp\/v2\/product"}],"about":[{"href":"http:\/\/kombiniselbiseleri.com.tr\/index.php\/wp-json\/wp\/v2\/types\/product"}],"wp:featuredmedia":[{"embeddable":true,"href":"http:\/\/kombiniselbiseleri.com.tr\/index.php\/wp-json\/wp\/v2\/media\/1209"}],"wp:attachment":[{"href":"http:\/\/kombiniselbiseleri.com.tr\/index.php\/wp-json\/wp\/v2\/media?parent=1302"}],"wp:term":[{"taxonomy":"product_brand","embeddable":true,"href":"http:\/\/kombiniselbiseleri.com.tr\/index.php\/wp-json\/wp\/v2\/product_brand?post=1302"},{"taxonomy":"product_cat","embeddable":true,"href":"http:\/\/kombiniselbiseleri.com.tr\/index.php\/wp-json\/wp\/v2\/product_cat?post=1302"},{"taxonomy":"product_tag","embeddable":true,"href":"http:\/\/kombiniselbiseleri.com.tr\/index.php\/wp-json\/wp\/v2\/product_tag?post=1302"}],"curies":[{"name":"wp","href":"https:\/\/api.w.org\/{rel}","templated":true}]}}