{"id":492,"date":"2020-10-26T11:38:49","date_gmt":"2020-10-26T08:38:49","guid":{"rendered":"http:\/\/www.grafas.org\/demo02\/?page_id=492"},"modified":"2023-06-13T13:07:25","modified_gmt":"2023-06-13T13:07:25","slug":"about","status":"publish","type":"page","link":"http:\/\/kombiniselbiseleri.com.tr\/index.php\/about\/","title":{"rendered":"Hakk\u0131m\u0131zda"},"content":{"rendered":"\t\t<div data-elementor-type=\"wp-page\" data-elementor-id=\"492\" class=\"elementor elementor-492\">\n\t\t\t\t\t\t<section class=\"elementor-section elementor-top-section elementor-element elementor-element-447bb11 elementor-section-height-min-height elementor-section-items-bottom elementor-section-boxed elementor-section-height-default\" data-id=\"447bb11\" data-element_type=\"section\" data-settings=\"{&quot;background_background&quot;:&quot;classic&quot;}\">\n\t\t\t\t\t\t\t<div class=\"elementor-background-overlay\"><\/div>\n\t\t\t\t\t\t\t<div class=\"elementor-container elementor-column-gap-default\">\n\t\t\t\t\t<div class=\"elementor-column elementor-col-100 elementor-top-column elementor-element elementor-element-01b2a2e\" data-id=\"01b2a2e\" data-element_type=\"column\">\n\t\t\t<div class=\"elementor-widget-wrap elementor-element-populated\">\n\t\t\t\t\t\t<div class=\"elementor-element elementor-element-5cf34b4 elementor-widget elementor-widget-heading\" data-id=\"5cf34b4\" data-element_type=\"widget\" data-widget_type=\"heading.default\">\n\t\t\t\t<div class=\"elementor-widget-container\">\n\t\t\t\t\t<h2 class=\"elementor-heading-title elementor-size-default\">Biz Kimiz?<\/h2>\t\t\t\t<\/div>\n\t\t\t\t<\/div>\n\t\t\t\t\t<\/div>\n\t\t<\/div>\n\t\t\t\t\t<\/div>\n\t\t<\/section>\n\t\t\t\t<section class=\"elementor-section elementor-top-section elementor-element elementor-element-f4ff7ab elementor-section-boxed elementor-section-height-default elementor-section-height-default\" data-id=\"f4ff7ab\" data-element_type=\"section\">\n\t\t\t\t\t\t<div class=\"elementor-container elementor-column-gap-default\">\n\t\t\t\t\t<div class=\"elementor-column elementor-col-33 elementor-top-column elementor-element elementor-element-44539d7\" data-id=\"44539d7\" data-element_type=\"column\">\n\t\t\t<div class=\"elementor-widget-wrap elementor-element-populated\">\n\t\t\t\t\t\t<div class=\"elementor-element elementor-element-0417317 elementor-widget elementor-widget-heading\" data-id=\"0417317\" data-element_type=\"widget\" data-widget_type=\"heading.default\">\n\t\t\t\t<div class=\"elementor-widget-container\">\n\t\t\t\t\t<h5 class=\"elementor-heading-title elementor-size-default\">H\u0130KAYEM\u0130Z<\/h5>\t\t\t\t<\/div>\n\t\t\t\t<\/div>\n\t\t\t\t<div class=\"elementor-element elementor-element-59203da elementor-widget elementor-widget-heading\" data-id=\"59203da\" data-element_type=\"widget\" data-widget_type=\"heading.default\">\n\t\t\t\t<div class=\"elementor-widget-container\">\n\t\t\t\t\t<h3 class=\"elementor-heading-title elementor-size-default\">2019'dan beri \u00fcretiyoruz.!<\/h3>\t\t\t\t<\/div>\n\t\t\t\t<\/div>\n\t\t\t\t<div class=\"elementor-element elementor-element-2583fa7 elementor-widget elementor-widget-text-editor\" data-id=\"2583fa7\" data-element_type=\"widget\" data-widget_type=\"text-editor.default\">\n\t\t\t\t<div class=\"elementor-widget-container\">\n\t\t\t\t\t\t\t\t\t<p style=\"text-align: left;\">\u00a0 \u00a0 \u00a0Firmam\u0131z 2019 y\u0131l\u0131nda 2 ortakl\u0131 olarak \u00c7ay\u0131rova\/Kocaeli&#8217;de kurulmu\u015ftur.\u00a0<span style=\"background-color: transparent; color: var(--global-palette5); font-family: var(--global-body-font-family);\">Kombin \u0130\u015f Elbiseleri Tekstil Sanayi Ticaret Ltd. \u015eti. kuruldu\u011fu g\u00fcnden bu yana, \u00fclkemizde faaliyet g\u00f6sterdi\u011fi t\u00fcm sekt\u00f6rlerdeki ba\u015far\u0131l\u0131 ve \u00f6nc\u00fc \u00e7al\u0131\u015fmalar\u0131yla s\u00fcrekli yenilenmekte ve toplumumuza art\u0131 bir de\u011fer kazand\u0131rmaktad\u0131r.\u00a0<\/span><span style=\"background-color: transparent; color: var(--global-palette5); font-family: var(--global-body-font-family);\">\u015eirketimiz; i\u015f elbiseleri imalat\u0131 yapmakta olup sanayi, g\u0131da, temizlik, g\u00fcvenlik, promosyon gibi alanlarda faaliyet g\u00f6sterip ayr\u0131ca i\u015f g\u00fcvenlik ekipmanlar\u0131n\u0131nda sat\u0131\u015f\u0131n\u0131 yapmaktad\u0131r.\u00a0<\/span><span style=\"background-color: transparent; color: var(--global-palette5); font-family: var(--global-body-font-family);\">\u0130malat s\u00fcrecine en ba\u015f\u0131ndan ba\u015flay\u0131p teslimat\u0131na varana kadar kendi b\u00fcnyesinde yapmaktad\u0131r firmalar\u0131n iste\u011fi do\u011frultusunda \u00f6zel tasar\u0131m ve numune \u00e7al\u0131\u015fmalar\u0131 sunmaktad\u0131r.<\/span><span style=\"background-color: transparent; color: var(--global-palette5); font-family: var(--global-body-font-family);\">\u00a0<\/span><span style=\"background-color: transparent; color: var(--global-palette5); font-family: var(--global-body-font-family);\">Kendi b\u00fcnyemizde bulundurdu\u011fumuz her sekt\u00f6re uygun i\u015f elbiseleri ve i\u015f malzemelerini stok olarak sunmaktay\u0131z. Ayr\u0131ca firmam\u0131zda<\/span><span style=\"background-color: transparent; color: var(--global-palette5); font-family: var(--global-body-font-family);\">\u00a0bulunan servis ara\u00e7lar\u0131m\u0131zla \u00fccretsiz teslimat sunmaktay\u0131z.\u00a0<\/span><\/p><p><span style=\"background-color: transparent; color: var(--global-palette5); font-family: var(--global-body-font-family);\">\u00a0 \u00a0 \u00a0 7<\/span><span style=\"background-color: transparent; color: var(--global-palette5); font-family: var(--global-body-font-family);\">50 metrekare \u00fcretim alan\u0131, 1 sat\u0131\u015f ma\u011fazas\u0131 ile 15 ki\u015filik deneyimli ekibi ile \u00f6zel imalat s\u00fcrecinde m\u00fc\u015fterilerine hizmet vermektedir. Bunlara ek olarak farkl\u0131 at\u00f6lyelerde fason i\u015f imkan\u0131 sa\u011flamaktay\u0131z.\u00a0<\/span><span style=\"background-color: transparent; color: var(--global-palette5); font-family: var(--global-body-font-family);\">Kendi b\u00fcnyemizde bulundurdu\u011fumuz tam otomatik kuma\u015f serim, \u00e7izim plot\u00fcr, ilik d\u00fc\u011fme, ponteriz ve \u00e7\u0131t\u00e7\u0131t makinalar\u0131m\u0131zla imalat s\u00fcrecinde \u00f6n plana \u00e7\u0131kmaktad\u0131r. Firmam\u0131z b<\/span><span style=\"background-color: transparent; color: var(--global-palette5); font-family: var(--global-body-font-family);\">u do\u011frultuda ilerleyip\u00a0<\/span><span style=\"background-color: transparent; color: var(--global-palette5); font-family: var(--global-body-font-family);\">yeniliklere ve yarat\u0131c\u0131l\u0131\u011f\u0131n her t\u00fcrl\u00fcs\u00fcne de\u011fer vermekte, ara\u015ft\u0131rma ve geli\u015ftirmeye yat\u0131r\u0131m yapmaktad\u0131r.<\/span><\/p>\t\t\t\t\t\t\t\t<\/div>\n\t\t\t\t<\/div>\n\t\t\t\t\t<\/div>\n\t\t<\/div>\n\t\t\t\t<div class=\"elementor-column elementor-col-33 elementor-top-column elementor-element elementor-element-6d4acba\" data-id=\"6d4acba\" data-element_type=\"column\">\n\t\t\t<div class=\"elementor-widget-wrap elementor-element-populated\">\n\t\t\t\t\t\t<div class=\"elementor-element elementor-element-07f52d4 elementor-widget elementor-widget-image\" data-id=\"07f52d4\" data-element_type=\"widget\" data-widget_type=\"image.default\">\n\t\t\t\t<div class=\"elementor-widget-container\">\n\t\t\t\t\t\t\t\t\t\t\t\t\t\t\t<img fetchpriority=\"high\" decoding=\"async\" width=\"1024\" height=\"768\" src=\"http:\/\/kombiniselbiseleri.com.tr\/wp-content\/uploads\/2023\/06\/marka-1024x768.jpg\" class=\"attachment-large size-large wp-image-1959\" alt=\"\" srcset=\"http:\/\/kombiniselbiseleri.com.tr\/wp-content\/uploads\/2023\/06\/marka-1024x768.jpg 1024w, http:\/\/kombiniselbiseleri.com.tr\/wp-content\/uploads\/2023\/06\/marka-300x225.jpg 300w, http:\/\/kombiniselbiseleri.com.tr\/wp-content\/uploads\/2023\/06\/marka-768x576.jpg 768w, http:\/\/kombiniselbiseleri.com.tr\/wp-content\/uploads\/2023\/06\/marka-1536x1152.jpg 1536w, http:\/\/kombiniselbiseleri.com.tr\/wp-content\/uploads\/2023\/06\/marka-700x525.jpg 700w, http:\/\/kombiniselbiseleri.com.tr\/wp-content\/uploads\/2023\/06\/marka.jpg 1600w\" sizes=\"(max-width: 1024px) 100vw, 1024px\" \/>\t\t\t\t\t\t\t\t\t\t\t\t\t\t\t<\/div>\n\t\t\t\t<\/div>\n\t\t\t\t\t<\/div>\n\t\t<\/div>\n\t\t\t\t<div class=\"elementor-column elementor-col-33 elementor-top-column elementor-element elementor-element-3dd869f\" data-id=\"3dd869f\" data-element_type=\"column\">\n\t\t\t<div class=\"elementor-widget-wrap elementor-element-populated\">\n\t\t\t\t\t\t<div class=\"elementor-element elementor-element-08de217 elementor-widget__width-initial elementor-widget elementor-widget-image\" data-id=\"08de217\" data-element_type=\"widget\" data-widget_type=\"image.default\">\n\t\t\t\t<div class=\"elementor-widget-container\">\n\t\t\t\t\t\t\t\t\t\t\t\t\t\t\t<img decoding=\"async\" width=\"1024\" height=\"719\" src=\"http:\/\/kombiniselbiseleri.com.tr\/wp-content\/uploads\/2023\/05\/WhatsApp-Image-2023-04-27-at-18.52.32-1024x719.jpeg\" class=\"attachment-large size-large wp-image-1872\" alt=\"\" srcset=\"http:\/\/kombiniselbiseleri.com.tr\/wp-content\/uploads\/2023\/05\/WhatsApp-Image-2023-04-27-at-18.52.32-1024x719.jpeg 1024w, http:\/\/kombiniselbiseleri.com.tr\/wp-content\/uploads\/2023\/05\/WhatsApp-Image-2023-04-27-at-18.52.32-300x211.jpeg 300w, http:\/\/kombiniselbiseleri.com.tr\/wp-content\/uploads\/2023\/05\/WhatsApp-Image-2023-04-27-at-18.52.32-768x539.jpeg 768w, http:\/\/kombiniselbiseleri.com.tr\/wp-content\/uploads\/2023\/05\/WhatsApp-Image-2023-04-27-at-18.52.32-700x491.jpeg 700w, http:\/\/kombiniselbiseleri.com.tr\/wp-content\/uploads\/2023\/05\/WhatsApp-Image-2023-04-27-at-18.52.32.jpeg 1080w\" sizes=\"(max-width: 1024px) 100vw, 1024px\" \/>\t\t\t\t\t\t\t\t\t\t\t\t\t\t\t<\/div>\n\t\t\t\t<\/div>\n\t\t\t\t<section class=\"elementor-section elementor-inner-section elementor-element elementor-element-5a13c35 elementor-section-boxed elementor-section-height-default elementor-section-height-default\" data-id=\"5a13c35\" data-element_type=\"section\">\n\t\t\t\t\t\t<div class=\"elementor-container elementor-column-gap-default\">\n\t\t\t\t\t<div class=\"elementor-column elementor-col-100 elementor-inner-column elementor-element elementor-element-f313c41\" data-id=\"f313c41\" data-element_type=\"column\">\n\t\t\t<div class=\"elementor-widget-wrap elementor-element-populated\">\n\t\t\t\t\t\t<div class=\"elementor-element elementor-element-d51c29c elementor-widget elementor-widget-image\" data-id=\"d51c29c\" data-element_type=\"widget\" data-widget_type=\"image.default\">\n\t\t\t\t<div class=\"elementor-widget-container\">\n\t\t\t\t\t\t\t\t\t\t\t\t\t\t\t\t<a href=\"http:\/\/kombiniselbiseleri.com.tr\/wp-content\/uploads\/2023\/06\/patent.jpg\" data-elementor-open-lightbox=\"no\">\n\t\t\t\t\t\t\t<img decoding=\"async\" width=\"225\" height=\"300\" src=\"http:\/\/kombiniselbiseleri.com.tr\/wp-content\/uploads\/2023\/06\/patent-225x300.jpg\" class=\"attachment-medium size-medium wp-image-1960\" alt=\"\" srcset=\"http:\/\/kombiniselbiseleri.com.tr\/wp-content\/uploads\/2023\/06\/patent-225x300.jpg 225w, http:\/\/kombiniselbiseleri.com.tr\/wp-content\/uploads\/2023\/06\/patent-700x933.jpg 700w, http:\/\/kombiniselbiseleri.com.tr\/wp-content\/uploads\/2023\/06\/patent.jpg 720w\" sizes=\"(max-width: 225px) 100vw, 225px\" \/>\t\t\t\t\t\t\t\t<\/a>\n\t\t\t\t\t\t\t\t\t\t\t\t\t\t\t<\/div>\n\t\t\t\t<\/div>\n\t\t\t\t\t<\/div>\n\t\t<\/div>\n\t\t\t\t\t<\/div>\n\t\t<\/section>\n\t\t\t\t\t<\/div>\n\t\t<\/div>\n\t\t\t\t\t<\/div>\n\t\t<\/section>\n\t\t\t\t<section class=\"elementor-section elementor-top-section elementor-element elementor-element-52c846b elementor-section-boxed elementor-section-height-default elementor-section-height-default\" data-id=\"52c846b\" data-element_type=\"section\">\n\t\t\t\t\t\t<div class=\"elementor-container elementor-column-gap-default\">\n\t\t\t\t\t<div class=\"elementor-column elementor-col-100 elementor-top-column elementor-element elementor-element-84a3013\" data-id=\"84a3013\" data-element_type=\"column\">\n\t\t\t<div class=\"elementor-widget-wrap elementor-element-populated\">\n\t\t\t\t\t\t<div class=\"elementor-element elementor-element-a292109 elementor-widget elementor-widget-image-gallery\" data-id=\"a292109\" data-element_type=\"widget\" data-widget_type=\"image-gallery.default\">\n\t\t\t\t<div class=\"elementor-widget-container\">\n\t\t\t\t\t\t\t<div class=\"elementor-image-gallery\">\n\t\t\t<div id='gallery-1' class='gallery galleryid-492 gallery-columns-8 gallery-size-thumbnail'><figure class='gallery-item'>\n\t\t\t<div class='gallery-icon portrait'>\n\t\t\t\t<a data-elementor-open-lightbox=\"yes\" data-elementor-lightbox-slideshow=\"a292109\" data-elementor-lightbox-title=\"r1\" data-e-action-hash=\"#elementor-action%3Aaction%3Dlightbox%26settings%3DeyJpZCI6MTkyMCwidXJsIjoiaHR0cDpcL1wva29tYmluaXNlbGJpc2VsZXJpLmNvbS50clwvd3AtY29udGVudFwvdXBsb2Fkc1wvMjAyM1wvMDZcL3IxLmpwZyIsInNsaWRlc2hvdyI6ImEyOTIxMDkifQ%3D%3D\" href='http:\/\/kombiniselbiseleri.com.tr\/wp-content\/uploads\/2023\/06\/r1.jpg'><img loading=\"lazy\" decoding=\"async\" width=\"150\" height=\"150\" src=\"http:\/\/kombiniselbiseleri.com.tr\/wp-content\/uploads\/2023\/06\/r1-150x150.jpg\" class=\"attachment-thumbnail size-thumbnail\" alt=\"\" srcset=\"http:\/\/kombiniselbiseleri.com.tr\/wp-content\/uploads\/2023\/06\/r1-150x150.jpg 150w, http:\/\/kombiniselbiseleri.com.tr\/wp-content\/uploads\/2023\/06\/r1-800x800.jpg 800w, http:\/\/kombiniselbiseleri.com.tr\/wp-content\/uploads\/2023\/06\/r1-100x100.jpg 100w\" sizes=\"(max-width: 150px) 100vw, 150px\" \/><\/a>\n\t\t\t<\/div><\/figure><figure class='gallery-item'>\n\t\t\t<div class='gallery-icon landscape'>\n\t\t\t\t<a data-elementor-open-lightbox=\"yes\" data-elementor-lightbox-slideshow=\"a292109\" data-elementor-lightbox-title=\"r2\" data-e-action-hash=\"#elementor-action%3Aaction%3Dlightbox%26settings%3DeyJpZCI6MTkyMSwidXJsIjoiaHR0cDpcL1wva29tYmluaXNlbGJpc2VsZXJpLmNvbS50clwvd3AtY29udGVudFwvdXBsb2Fkc1wvMjAyM1wvMDZcL3IyLmpwZyIsInNsaWRlc2hvdyI6ImEyOTIxMDkifQ%3D%3D\" href='http:\/\/kombiniselbiseleri.com.tr\/wp-content\/uploads\/2023\/06\/r2.jpg'><img loading=\"lazy\" decoding=\"async\" width=\"150\" height=\"150\" src=\"http:\/\/kombiniselbiseleri.com.tr\/wp-content\/uploads\/2023\/06\/r2-150x150.jpg\" class=\"attachment-thumbnail size-thumbnail\" alt=\"\" srcset=\"http:\/\/kombiniselbiseleri.com.tr\/wp-content\/uploads\/2023\/06\/r2-150x150.jpg 150w, http:\/\/kombiniselbiseleri.com.tr\/wp-content\/uploads\/2023\/06\/r2-100x100.jpg 100w\" sizes=\"(max-width: 150px) 100vw, 150px\" \/><\/a>\n\t\t\t<\/div><\/figure><figure class='gallery-item'>\n\t\t\t<div class='gallery-icon landscape'>\n\t\t\t\t<a data-elementor-open-lightbox=\"yes\" data-elementor-lightbox-slideshow=\"a292109\" data-elementor-lightbox-title=\"r3\" data-e-action-hash=\"#elementor-action%3Aaction%3Dlightbox%26settings%3DeyJpZCI6MTkyMiwidXJsIjoiaHR0cDpcL1wva29tYmluaXNlbGJpc2VsZXJpLmNvbS50clwvd3AtY29udGVudFwvdXBsb2Fkc1wvMjAyM1wvMDZcL3IzLmpwZyIsInNsaWRlc2hvdyI6ImEyOTIxMDkifQ%3D%3D\" href='http:\/\/kombiniselbiseleri.com.tr\/wp-content\/uploads\/2023\/06\/r3.jpg'><img loading=\"lazy\" decoding=\"async\" width=\"150\" height=\"150\" src=\"http:\/\/kombiniselbiseleri.com.tr\/wp-content\/uploads\/2023\/06\/r3-150x150.jpg\" class=\"attachment-thumbnail size-thumbnail\" alt=\"\" srcset=\"http:\/\/kombiniselbiseleri.com.tr\/wp-content\/uploads\/2023\/06\/r3-150x150.jpg 150w, http:\/\/kombiniselbiseleri.com.tr\/wp-content\/uploads\/2023\/06\/r3-100x100.jpg 100w\" sizes=\"(max-width: 150px) 100vw, 150px\" \/><\/a>\n\t\t\t<\/div><\/figure><figure class='gallery-item'>\n\t\t\t<div class='gallery-icon landscape'>\n\t\t\t\t<a data-elementor-open-lightbox=\"yes\" data-elementor-lightbox-slideshow=\"a292109\" data-elementor-lightbox-title=\"r4\" data-e-action-hash=\"#elementor-action%3Aaction%3Dlightbox%26settings%3DeyJpZCI6MTkyMywidXJsIjoiaHR0cDpcL1wva29tYmluaXNlbGJpc2VsZXJpLmNvbS50clwvd3AtY29udGVudFwvdXBsb2Fkc1wvMjAyM1wvMDZcL3I0LmpwZyIsInNsaWRlc2hvdyI6ImEyOTIxMDkifQ%3D%3D\" href='http:\/\/kombiniselbiseleri.com.tr\/wp-content\/uploads\/2023\/06\/r4.jpg'><img loading=\"lazy\" decoding=\"async\" width=\"150\" height=\"150\" src=\"http:\/\/kombiniselbiseleri.com.tr\/wp-content\/uploads\/2023\/06\/r4-150x150.jpg\" class=\"attachment-thumbnail size-thumbnail\" alt=\"\" srcset=\"http:\/\/kombiniselbiseleri.com.tr\/wp-content\/uploads\/2023\/06\/r4-150x150.jpg 150w, http:\/\/kombiniselbiseleri.com.tr\/wp-content\/uploads\/2023\/06\/r4-100x100.jpg 100w\" sizes=\"(max-width: 150px) 100vw, 150px\" \/><\/a>\n\t\t\t<\/div><\/figure><figure class='gallery-item'>\n\t\t\t<div class='gallery-icon landscape'>\n\t\t\t\t<a data-elementor-open-lightbox=\"yes\" data-elementor-lightbox-slideshow=\"a292109\" data-elementor-lightbox-title=\"r5\" data-e-action-hash=\"#elementor-action%3Aaction%3Dlightbox%26settings%3DeyJpZCI6MTkyNCwidXJsIjoiaHR0cDpcL1wva29tYmluaXNlbGJpc2VsZXJpLmNvbS50clwvd3AtY29udGVudFwvdXBsb2Fkc1wvMjAyM1wvMDZcL3I1LmpwZyIsInNsaWRlc2hvdyI6ImEyOTIxMDkifQ%3D%3D\" href='http:\/\/kombiniselbiseleri.com.tr\/wp-content\/uploads\/2023\/06\/r5.jpg'><img loading=\"lazy\" decoding=\"async\" width=\"150\" height=\"150\" src=\"http:\/\/kombiniselbiseleri.com.tr\/wp-content\/uploads\/2023\/06\/r5-150x150.jpg\" class=\"attachment-thumbnail size-thumbnail\" alt=\"\" srcset=\"http:\/\/kombiniselbiseleri.com.tr\/wp-content\/uploads\/2023\/06\/r5-150x150.jpg 150w, http:\/\/kombiniselbiseleri.com.tr\/wp-content\/uploads\/2023\/06\/r5-100x100.jpg 100w\" sizes=\"(max-width: 150px) 100vw, 150px\" \/><\/a>\n\t\t\t<\/div><\/figure><figure class='gallery-item'>\n\t\t\t<div class='gallery-icon portrait'>\n\t\t\t\t<a data-elementor-open-lightbox=\"yes\" data-elementor-lightbox-slideshow=\"a292109\" data-elementor-lightbox-title=\"r6\" data-e-action-hash=\"#elementor-action%3Aaction%3Dlightbox%26settings%3DeyJpZCI6MTkyNSwidXJsIjoiaHR0cDpcL1wva29tYmluaXNlbGJpc2VsZXJpLmNvbS50clwvd3AtY29udGVudFwvdXBsb2Fkc1wvMjAyM1wvMDZcL3I2LmpwZyIsInNsaWRlc2hvdyI6ImEyOTIxMDkifQ%3D%3D\" href='http:\/\/kombiniselbiseleri.com.tr\/wp-content\/uploads\/2023\/06\/r6.jpg'><img loading=\"lazy\" decoding=\"async\" width=\"150\" height=\"150\" src=\"http:\/\/kombiniselbiseleri.com.tr\/wp-content\/uploads\/2023\/06\/r6-150x150.jpg\" class=\"attachment-thumbnail size-thumbnail\" alt=\"\" srcset=\"http:\/\/kombiniselbiseleri.com.tr\/wp-content\/uploads\/2023\/06\/r6-150x150.jpg 150w, http:\/\/kombiniselbiseleri.com.tr\/wp-content\/uploads\/2023\/06\/r6-100x100.jpg 100w\" sizes=\"(max-width: 150px) 100vw, 150px\" \/><\/a>\n\t\t\t<\/div><\/figure><figure class='gallery-item'>\n\t\t\t<div class='gallery-icon landscape'>\n\t\t\t\t<a data-elementor-open-lightbox=\"yes\" data-elementor-lightbox-slideshow=\"a292109\" data-elementor-lightbox-title=\"r7\" data-e-action-hash=\"#elementor-action%3Aaction%3Dlightbox%26settings%3DeyJpZCI6MTkyNiwidXJsIjoiaHR0cDpcL1wva29tYmluaXNlbGJpc2VsZXJpLmNvbS50clwvd3AtY29udGVudFwvdXBsb2Fkc1wvMjAyM1wvMDZcL3I3LmpwZyIsInNsaWRlc2hvdyI6ImEyOTIxMDkifQ%3D%3D\" href='http:\/\/kombiniselbiseleri.com.tr\/wp-content\/uploads\/2023\/06\/r7.jpg'><img loading=\"lazy\" decoding=\"async\" width=\"150\" height=\"150\" src=\"http:\/\/kombiniselbiseleri.com.tr\/wp-content\/uploads\/2023\/06\/r7-150x150.jpg\" class=\"attachment-thumbnail size-thumbnail\" alt=\"\" srcset=\"http:\/\/kombiniselbiseleri.com.tr\/wp-content\/uploads\/2023\/06\/r7-150x150.jpg 150w, http:\/\/kombiniselbiseleri.com.tr\/wp-content\/uploads\/2023\/06\/r7-100x100.jpg 100w\" sizes=\"(max-width: 150px) 100vw, 150px\" \/><\/a>\n\t\t\t<\/div><\/figure><figure class='gallery-item'>\n\t\t\t<div class='gallery-icon landscape'>\n\t\t\t\t<a data-elementor-open-lightbox=\"yes\" data-elementor-lightbox-slideshow=\"a292109\" data-elementor-lightbox-title=\"r8\" data-e-action-hash=\"#elementor-action%3Aaction%3Dlightbox%26settings%3DeyJpZCI6MTkyNywidXJsIjoiaHR0cDpcL1wva29tYmluaXNlbGJpc2VsZXJpLmNvbS50clwvd3AtY29udGVudFwvdXBsb2Fkc1wvMjAyM1wvMDZcL3I4LmpwZyIsInNsaWRlc2hvdyI6ImEyOTIxMDkifQ%3D%3D\" href='http:\/\/kombiniselbiseleri.com.tr\/wp-content\/uploads\/2023\/06\/r8.jpg'><img loading=\"lazy\" decoding=\"async\" width=\"150\" height=\"150\" src=\"http:\/\/kombiniselbiseleri.com.tr\/wp-content\/uploads\/2023\/06\/r8-150x150.jpg\" class=\"attachment-thumbnail size-thumbnail\" alt=\"\" srcset=\"http:\/\/kombiniselbiseleri.com.tr\/wp-content\/uploads\/2023\/06\/r8-150x150.jpg 150w, http:\/\/kombiniselbiseleri.com.tr\/wp-content\/uploads\/2023\/06\/r8-100x100.jpg 100w\" sizes=\"(max-width: 150px) 100vw, 150px\" \/><\/a>\n\t\t\t<\/div><\/figure>\n\t\t<\/div>\n\t\t<\/div>\n\t\t\t\t\t\t<\/div>\n\t\t\t\t<\/div>\n\t\t\t\t\t<\/div>\n\t\t<\/div>\n\t\t\t\t\t<\/div>\n\t\t<\/section>\n\t\t\t\t<section class=\"elementor-section elementor-top-section elementor-element elementor-element-b3021c3 elementor-section-boxed elementor-section-height-default elementor-section-height-default\" data-id=\"b3021c3\" data-element_type=\"section\">\n\t\t\t\t\t\t<div class=\"elementor-container elementor-column-gap-default\">\n\t\t\t\t\t<div class=\"elementor-column elementor-col-100 elementor-top-column elementor-element elementor-element-d4bc66c\" data-id=\"d4bc66c\" data-element_type=\"column\">\n\t\t\t<div class=\"elementor-widget-wrap elementor-element-populated\">\n\t\t\t\t\t\t<div class=\"elementor-element elementor-element-de3e326 elementor-widget-divider--view-line elementor-widget elementor-widget-divider\" data-id=\"de3e326\" data-element_type=\"widget\" data-widget_type=\"divider.default\">\n\t\t\t\t<div class=\"elementor-widget-container\">\n\t\t\t\t\t\t\t<div class=\"elementor-divider\">\n\t\t\t<span class=\"elementor-divider-separator\">\n\t\t\t\t\t\t<\/span>\n\t\t<\/div>\n\t\t\t\t\t\t<\/div>\n\t\t\t\t<\/div>\n\t\t\t\t\t<\/div>\n\t\t<\/div>\n\t\t\t\t\t<\/div>\n\t\t<\/section>\n\t\t\t\t<\/div>\n\t\t","protected":false},"excerpt":{"rendered":"<p>Biz Kimiz? H\u0130KAYEM\u0130Z 2019&#8217;dan beri \u00fcretiyoruz.! \u00a0 \u00a0 \u00a0Firmam\u0131z 2019 y\u0131l\u0131nda 2 ortakl\u0131 olarak \u00c7ay\u0131rova\/Kocaeli&#8217;de kurulmu\u015ftur.\u00a0Kombin \u0130\u015f Elbiseleri Tekstil Sanayi Ticaret Ltd. \u015eti. kuruldu\u011fu g\u00fcnden bu yana, \u00fclkemizde faaliyet g\u00f6sterdi\u011fi t\u00fcm sekt\u00f6rlerdeki ba\u015far\u0131l\u0131 ve \u00f6nc\u00fc \u00e7al\u0131\u015fmalar\u0131yla s\u00fcrekli yenilenmekte ve toplumumuza art\u0131 bir de\u011fer kazand\u0131rmaktad\u0131r.\u00a0\u015eirketimiz; i\u015f elbiseleri imalat\u0131 yapmakta olup sanayi, g\u0131da, temizlik, g\u00fcvenlik, promosyon gibi&#8230;<\/p>\n","protected":false},"author":2,"featured_media":0,"parent":0,"menu_order":0,"comment_status":"closed","ping_status":"closed","template":"","meta":{"_kad_post_transparent":"","_kad_post_title":"hide","_kad_post_layout":"fullwidth","_kad_post_sidebar_id":"","_kad_post_content_style":"unboxed","_kad_post_vertical_padding":"hide","_kad_post_feature":"hide","_kad_post_feature_position":"","_kad_post_header":false,"_kad_post_footer":false,"footnotes":""},"class_list":["post-492","page","type-page","status-publish","hentry"],"_links":{"self":[{"href":"http:\/\/kombiniselbiseleri.com.tr\/index.php\/wp-json\/wp\/v2\/pages\/492","targetHints":{"allow":["GET"]}}],"collection":[{"href":"http:\/\/kombiniselbiseleri.com.tr\/index.php\/wp-json\/wp\/v2\/pages"}],"about":[{"href":"http:\/\/kombiniselbiseleri.com.tr\/index.php\/wp-json\/wp\/v2\/types\/page"}],"author":[{"embeddable":true,"href":"http:\/\/kombiniselbiseleri.com.tr\/index.php\/wp-json\/wp\/v2\/users\/2"}],"replies":[{"embeddable":true,"href":"http:\/\/kombiniselbiseleri.com.tr\/index.php\/wp-json\/wp\/v2\/comments?post=492"}],"version-history":[{"count":68,"href":"http:\/\/kombiniselbiseleri.com.tr\/index.php\/wp-json\/wp\/v2\/pages\/492\/revisions"}],"predecessor-version":[{"id":1978,"href":"http:\/\/kombiniselbiseleri.com.tr\/index.php\/wp-json\/wp\/v2\/pages\/492\/revisions\/1978"}],"wp:attachment":[{"href":"http:\/\/kombiniselbiseleri.com.tr\/index.php\/wp-json\/wp\/v2\/media?parent=492"}],"curies":[{"name":"wp","href":"https:\/\/api.w.org\/{rel}","templated":true}]}}