{"id":1943,"date":"2023-06-13T12:34:05","date_gmt":"2023-06-13T12:34:05","guid":{"rendered":"http:\/\/kombiniselbiseleri.com.tr\/?page_id=1943"},"modified":"2023-06-13T12:57:08","modified_gmt":"2023-06-13T12:57:08","slug":"baski","status":"publish","type":"page","link":"http:\/\/kombiniselbiseleri.com.tr\/index.php\/baski\/","title":{"rendered":"Bask\u0131 ve Nak\u0131\u015f"},"content":{"rendered":"\t\t<div data-elementor-type=\"wp-page\" data-elementor-id=\"1943\" class=\"elementor elementor-1943\">\n\t\t\t\t\t\t<section class=\"elementor-section elementor-top-section elementor-element elementor-element-4d792265 elementor-section-height-min-height elementor-section-items-bottom elementor-section-boxed elementor-section-height-default\" data-id=\"4d792265\" data-element_type=\"section\" data-settings=\"{&quot;background_background&quot;:&quot;classic&quot;}\">\n\t\t\t\t\t\t\t<div class=\"elementor-background-overlay\"><\/div>\n\t\t\t\t\t\t\t<div class=\"elementor-container elementor-column-gap-default\">\n\t\t\t\t\t<div class=\"elementor-column elementor-col-100 elementor-top-column elementor-element elementor-element-3cf842e1\" data-id=\"3cf842e1\" data-element_type=\"column\">\n\t\t\t<div class=\"elementor-widget-wrap elementor-element-populated\">\n\t\t\t\t\t\t<div class=\"elementor-element elementor-element-58fc93ed elementor-widget elementor-widget-heading\" data-id=\"58fc93ed\" data-element_type=\"widget\" data-widget_type=\"heading.default\">\n\t\t\t\t<div class=\"elementor-widget-container\">\n\t\t\t\t\t<h2 class=\"elementor-heading-title elementor-size-default\">BASKI ve NAKI\u015e<\/h2>\t\t\t\t<\/div>\n\t\t\t\t<\/div>\n\t\t\t\t\t<\/div>\n\t\t<\/div>\n\t\t\t\t\t<\/div>\n\t\t<\/section>\n\t\t\t\t<section class=\"elementor-section elementor-top-section elementor-element elementor-element-eb13cba elementor-section-boxed elementor-section-height-default elementor-section-height-default\" data-id=\"eb13cba\" data-element_type=\"section\">\n\t\t\t\t\t\t<div class=\"elementor-container elementor-column-gap-default\">\n\t\t\t\t\t<div class=\"elementor-column elementor-col-100 elementor-top-column elementor-element elementor-element-9cce799\" data-id=\"9cce799\" data-element_type=\"column\">\n\t\t\t<div class=\"elementor-widget-wrap elementor-element-populated\">\n\t\t\t\t\t\t<div class=\"elementor-element elementor-element-6dd9e54 elementor-widget elementor-widget-text-editor\" data-id=\"6dd9e54\" data-element_type=\"widget\" data-widget_type=\"text-editor.default\">\n\t\t\t\t<div class=\"elementor-widget-container\">\n\t\t\t\t\t\t\t\t\t<p><strong>\u00d6zel sipari\u015flerinizde Logo veya Tasar\u0131m Bask\u0131 ve Nak\u0131\u015f uygulamas\u0131 yap\u0131yoruz. Varsa tasar\u0131m veya Logonuzu sipari\u015f ekran\u0131nda dosya olarak y\u00fckleyebilirsiniz. Sipari\u015f sorumlu personelimiz sizinle ileti\u015fime ge\u00e7ecektir. Baz\u0131 uygulamalar\u0131m\u0131z\u0131 a\u015fa\u011f\u0131daki galeriden g\u00f6rebilirsiniz.<\/strong><\/p>\t\t\t\t\t\t\t\t<\/div>\n\t\t\t\t<\/div>\n\t\t\t\t\t<\/div>\n\t\t<\/div>\n\t\t\t\t\t<\/div>\n\t\t<\/section>\n\t\t\t\t<section class=\"elementor-section elementor-top-section elementor-element elementor-element-33263ca1 elementor-section-boxed elementor-section-height-default elementor-section-height-default\" data-id=\"33263ca1\" data-element_type=\"section\">\n\t\t\t\t\t\t<div class=\"elementor-container elementor-column-gap-default\">\n\t\t\t\t\t<div class=\"elementor-column elementor-col-100 elementor-top-column elementor-element elementor-element-7a63aa8\" data-id=\"7a63aa8\" data-element_type=\"column\">\n\t\t\t<div class=\"elementor-widget-wrap elementor-element-populated\">\n\t\t\t\t\t\t<div class=\"elementor-element elementor-element-8586a9c elementor-widget elementor-widget-heading\" data-id=\"8586a9c\" data-element_type=\"widget\" data-widget_type=\"heading.default\">\n\t\t\t\t<div class=\"elementor-widget-container\">\n\t\t\t\t\t<h2 class=\"elementor-heading-title elementor-size-default\">BASKI \u00d6RNEKLER\u0130M\u0130Z<\/h2>\t\t\t\t<\/div>\n\t\t\t\t<\/div>\n\t\t\t\t<div class=\"elementor-element elementor-element-a565a57 elementor-widget elementor-widget-image-gallery\" data-id=\"a565a57\" data-element_type=\"widget\" data-widget_type=\"image-gallery.default\">\n\t\t\t\t<div class=\"elementor-widget-container\">\n\t\t\t\t\t\t\t<div class=\"elementor-image-gallery\">\n\t\t\t<div id='gallery-1' class='gallery galleryid-1943 gallery-columns-4 gallery-size-woocommerce_thumbnail'><figure class='gallery-item'>\n\t\t\t<div class='gallery-icon portrait'>\n\t\t\t\t<a data-elementor-open-lightbox=\"no\" href='http:\/\/kombiniselbiseleri.com.tr\/wp-content\/uploads\/2023\/05\/WhatsApp-Image-2023-04-27-at-18.52.35.jpeg'><img fetchpriority=\"high\" decoding=\"async\" width=\"800\" height=\"800\" src=\"http:\/\/kombiniselbiseleri.com.tr\/wp-content\/uploads\/2023\/05\/WhatsApp-Image-2023-04-27-at-18.52.35-800x800.jpeg\" class=\"attachment-woocommerce_thumbnail size-woocommerce_thumbnail\" alt=\"\" srcset=\"http:\/\/kombiniselbiseleri.com.tr\/wp-content\/uploads\/2023\/05\/WhatsApp-Image-2023-04-27-at-18.52.35-800x800.jpeg 800w, http:\/\/kombiniselbiseleri.com.tr\/wp-content\/uploads\/2023\/05\/WhatsApp-Image-2023-04-27-at-18.52.35-150x150.jpeg 150w, http:\/\/kombiniselbiseleri.com.tr\/wp-content\/uploads\/2023\/05\/WhatsApp-Image-2023-04-27-at-18.52.35-100x100.jpeg 100w\" sizes=\"(max-width: 800px) 100vw, 800px\" \/><\/a>\n\t\t\t<\/div><\/figure><figure class='gallery-item'>\n\t\t\t<div class='gallery-icon landscape'>\n\t\t\t\t<a data-elementor-open-lightbox=\"no\" href='http:\/\/kombiniselbiseleri.com.tr\/wp-content\/uploads\/2023\/05\/WhatsApp-Image-2023-04-27-at-18.52.35-1.jpeg'><img decoding=\"async\" width=\"800\" height=\"800\" src=\"http:\/\/kombiniselbiseleri.com.tr\/wp-content\/uploads\/2023\/05\/WhatsApp-Image-2023-04-27-at-18.52.35-1-800x800.jpeg\" class=\"attachment-woocommerce_thumbnail size-woocommerce_thumbnail\" alt=\"\" srcset=\"http:\/\/kombiniselbiseleri.com.tr\/wp-content\/uploads\/2023\/05\/WhatsApp-Image-2023-04-27-at-18.52.35-1-800x800.jpeg 800w, http:\/\/kombiniselbiseleri.com.tr\/wp-content\/uploads\/2023\/05\/WhatsApp-Image-2023-04-27-at-18.52.35-1-150x150.jpeg 150w, http:\/\/kombiniselbiseleri.com.tr\/wp-content\/uploads\/2023\/05\/WhatsApp-Image-2023-04-27-at-18.52.35-1-100x100.jpeg 100w\" sizes=\"(max-width: 800px) 100vw, 800px\" \/><\/a>\n\t\t\t<\/div><\/figure>\n\t\t<\/div>\n\t\t<\/div>\n\t\t\t\t\t\t<\/div>\n\t\t\t\t<\/div>\n\t\t\t\t<div class=\"elementor-element elementor-element-733a8cc elementor-widget elementor-widget-heading\" data-id=\"733a8cc\" data-element_type=\"widget\" data-widget_type=\"heading.default\">\n\t\t\t\t<div class=\"elementor-widget-container\">\n\t\t\t\t\t<h2 class=\"elementor-heading-title elementor-size-default\">Nak\u0131\u015f \u00d6rneklerimiz<\/h2>\t\t\t\t<\/div>\n\t\t\t\t<\/div>\n\t\t\t\t<div class=\"elementor-element elementor-element-d9d5827 elementor-widget elementor-widget-image-gallery\" data-id=\"d9d5827\" data-element_type=\"widget\" data-widget_type=\"image-gallery.default\">\n\t\t\t\t<div class=\"elementor-widget-container\">\n\t\t\t\t\t\t\t<div class=\"elementor-image-gallery\">\n\t\t\t<div id='gallery-2' class='gallery galleryid-1943 gallery-columns-4 gallery-size-woocommerce_thumbnail'><figure class='gallery-item'>\n\t\t\t<div class='gallery-icon portrait'>\n\t\t\t\t<a data-elementor-open-lightbox=\"no\" href='http:\/\/kombiniselbiseleri.com.tr\/wp-content\/uploads\/2023\/05\/WhatsApp-Image-2023-04-27-at-18.52.39-3.jpeg'><img decoding=\"async\" width=\"800\" height=\"800\" src=\"http:\/\/kombiniselbiseleri.com.tr\/wp-content\/uploads\/2023\/05\/WhatsApp-Image-2023-04-27-at-18.52.39-3-800x800.jpeg\" class=\"attachment-woocommerce_thumbnail size-woocommerce_thumbnail\" alt=\"\" srcset=\"http:\/\/kombiniselbiseleri.com.tr\/wp-content\/uploads\/2023\/05\/WhatsApp-Image-2023-04-27-at-18.52.39-3-800x800.jpeg 800w, http:\/\/kombiniselbiseleri.com.tr\/wp-content\/uploads\/2023\/05\/WhatsApp-Image-2023-04-27-at-18.52.39-3-150x150.jpeg 150w, http:\/\/kombiniselbiseleri.com.tr\/wp-content\/uploads\/2023\/05\/WhatsApp-Image-2023-04-27-at-18.52.39-3-100x100.jpeg 100w\" sizes=\"(max-width: 800px) 100vw, 800px\" \/><\/a>\n\t\t\t<\/div><\/figure><figure class='gallery-item'>\n\t\t\t<div class='gallery-icon landscape'>\n\t\t\t\t<a data-elementor-open-lightbox=\"no\" href='http:\/\/kombiniselbiseleri.com.tr\/wp-content\/uploads\/2023\/05\/WhatsApp-Image-2023-04-27-at-18.52.39.jpeg'><img loading=\"lazy\" decoding=\"async\" width=\"800\" height=\"800\" src=\"http:\/\/kombiniselbiseleri.com.tr\/wp-content\/uploads\/2023\/05\/WhatsApp-Image-2023-04-27-at-18.52.39-800x800.jpeg\" class=\"attachment-woocommerce_thumbnail size-woocommerce_thumbnail\" alt=\"\" srcset=\"http:\/\/kombiniselbiseleri.com.tr\/wp-content\/uploads\/2023\/05\/WhatsApp-Image-2023-04-27-at-18.52.39-800x800.jpeg 800w, http:\/\/kombiniselbiseleri.com.tr\/wp-content\/uploads\/2023\/05\/WhatsApp-Image-2023-04-27-at-18.52.39-150x150.jpeg 150w, http:\/\/kombiniselbiseleri.com.tr\/wp-content\/uploads\/2023\/05\/WhatsApp-Image-2023-04-27-at-18.52.39-100x100.jpeg 100w\" sizes=\"(max-width: 800px) 100vw, 800px\" \/><\/a>\n\t\t\t<\/div><\/figure><figure class='gallery-item'>\n\t\t\t<div class='gallery-icon portrait'>\n\t\t\t\t<a data-elementor-open-lightbox=\"no\" href='http:\/\/kombiniselbiseleri.com.tr\/wp-content\/uploads\/2023\/05\/WhatsApp-Image-2023-04-27-at-18.52.39-1.jpeg'><img loading=\"lazy\" decoding=\"async\" width=\"800\" height=\"800\" src=\"http:\/\/kombiniselbiseleri.com.tr\/wp-content\/uploads\/2023\/05\/WhatsApp-Image-2023-04-27-at-18.52.39-1-800x800.jpeg\" class=\"attachment-woocommerce_thumbnail size-woocommerce_thumbnail\" alt=\"\" srcset=\"http:\/\/kombiniselbiseleri.com.tr\/wp-content\/uploads\/2023\/05\/WhatsApp-Image-2023-04-27-at-18.52.39-1-800x800.jpeg 800w, http:\/\/kombiniselbiseleri.com.tr\/wp-content\/uploads\/2023\/05\/WhatsApp-Image-2023-04-27-at-18.52.39-1-150x150.jpeg 150w, http:\/\/kombiniselbiseleri.com.tr\/wp-content\/uploads\/2023\/05\/WhatsApp-Image-2023-04-27-at-18.52.39-1-100x100.jpeg 100w\" sizes=\"(max-width: 800px) 100vw, 800px\" \/><\/a>\n\t\t\t<\/div><\/figure><figure class='gallery-item'>\n\t\t\t<div class='gallery-icon portrait'>\n\t\t\t\t<a data-elementor-open-lightbox=\"no\" href='http:\/\/kombiniselbiseleri.com.tr\/wp-content\/uploads\/2023\/05\/WhatsApp-Image-2023-04-27-at-18.52.38-1.jpeg'><img loading=\"lazy\" decoding=\"async\" width=\"800\" height=\"800\" src=\"http:\/\/kombiniselbiseleri.com.tr\/wp-content\/uploads\/2023\/05\/WhatsApp-Image-2023-04-27-at-18.52.38-1-800x800.jpeg\" class=\"attachment-woocommerce_thumbnail size-woocommerce_thumbnail\" alt=\"\" srcset=\"http:\/\/kombiniselbiseleri.com.tr\/wp-content\/uploads\/2023\/05\/WhatsApp-Image-2023-04-27-at-18.52.38-1-800x800.jpeg 800w, http:\/\/kombiniselbiseleri.com.tr\/wp-content\/uploads\/2023\/05\/WhatsApp-Image-2023-04-27-at-18.52.38-1-150x150.jpeg 150w, http:\/\/kombiniselbiseleri.com.tr\/wp-content\/uploads\/2023\/05\/WhatsApp-Image-2023-04-27-at-18.52.38-1-100x100.jpeg 100w\" sizes=\"(max-width: 800px) 100vw, 800px\" \/><\/a>\n\t\t\t<\/div><\/figure><figure class='gallery-item'>\n\t\t\t<div class='gallery-icon landscape'>\n\t\t\t\t<a data-elementor-open-lightbox=\"no\" href='http:\/\/kombiniselbiseleri.com.tr\/wp-content\/uploads\/2023\/05\/WhatsApp-Image-2023-04-27-at-18.52.39-2.jpeg'><img loading=\"lazy\" decoding=\"async\" width=\"800\" height=\"800\" src=\"http:\/\/kombiniselbiseleri.com.tr\/wp-content\/uploads\/2023\/05\/WhatsApp-Image-2023-04-27-at-18.52.39-2-800x800.jpeg\" class=\"attachment-woocommerce_thumbnail size-woocommerce_thumbnail\" alt=\"\" srcset=\"http:\/\/kombiniselbiseleri.com.tr\/wp-content\/uploads\/2023\/05\/WhatsApp-Image-2023-04-27-at-18.52.39-2-800x800.jpeg 800w, http:\/\/kombiniselbiseleri.com.tr\/wp-content\/uploads\/2023\/05\/WhatsApp-Image-2023-04-27-at-18.52.39-2-150x150.jpeg 150w, http:\/\/kombiniselbiseleri.com.tr\/wp-content\/uploads\/2023\/05\/WhatsApp-Image-2023-04-27-at-18.52.39-2-100x100.jpeg 100w\" sizes=\"(max-width: 800px) 100vw, 800px\" \/><\/a>\n\t\t\t<\/div><\/figure><figure class='gallery-item'>\n\t\t\t<div class='gallery-icon landscape'>\n\t\t\t\t<a data-elementor-open-lightbox=\"no\" href='http:\/\/kombiniselbiseleri.com.tr\/wp-content\/uploads\/2023\/05\/WhatsApp-Image-2023-04-27-at-18.52.38.jpeg'><img loading=\"lazy\" decoding=\"async\" width=\"800\" height=\"800\" src=\"http:\/\/kombiniselbiseleri.com.tr\/wp-content\/uploads\/2023\/05\/WhatsApp-Image-2023-04-27-at-18.52.38-800x800.jpeg\" class=\"attachment-woocommerce_thumbnail size-woocommerce_thumbnail\" alt=\"\" srcset=\"http:\/\/kombiniselbiseleri.com.tr\/wp-content\/uploads\/2023\/05\/WhatsApp-Image-2023-04-27-at-18.52.38-800x800.jpeg 800w, http:\/\/kombiniselbiseleri.com.tr\/wp-content\/uploads\/2023\/05\/WhatsApp-Image-2023-04-27-at-18.52.38-150x150.jpeg 150w, http:\/\/kombiniselbiseleri.com.tr\/wp-content\/uploads\/2023\/05\/WhatsApp-Image-2023-04-27-at-18.52.38-100x100.jpeg 100w\" sizes=\"(max-width: 800px) 100vw, 800px\" \/><\/a>\n\t\t\t<\/div><\/figure><figure class='gallery-item'>\n\t\t\t<div class='gallery-icon landscape'>\n\t\t\t\t<a data-elementor-open-lightbox=\"no\" href='http:\/\/kombiniselbiseleri.com.tr\/wp-content\/uploads\/2023\/05\/WhatsApp-Image-2023-04-27-at-18.52.37.jpeg'><img loading=\"lazy\" decoding=\"async\" width=\"800\" height=\"800\" src=\"http:\/\/kombiniselbiseleri.com.tr\/wp-content\/uploads\/2023\/05\/WhatsApp-Image-2023-04-27-at-18.52.37-800x800.jpeg\" class=\"attachment-woocommerce_thumbnail size-woocommerce_thumbnail\" alt=\"\" srcset=\"http:\/\/kombiniselbiseleri.com.tr\/wp-content\/uploads\/2023\/05\/WhatsApp-Image-2023-04-27-at-18.52.37-800x800.jpeg 800w, http:\/\/kombiniselbiseleri.com.tr\/wp-content\/uploads\/2023\/05\/WhatsApp-Image-2023-04-27-at-18.52.37-150x150.jpeg 150w, http:\/\/kombiniselbiseleri.com.tr\/wp-content\/uploads\/2023\/05\/WhatsApp-Image-2023-04-27-at-18.52.37-100x100.jpeg 100w\" sizes=\"(max-width: 800px) 100vw, 800px\" \/><\/a>\n\t\t\t<\/div><\/figure><figure class='gallery-item'>\n\t\t\t<div class='gallery-icon landscape'>\n\t\t\t\t<a data-elementor-open-lightbox=\"no\" href='http:\/\/kombiniselbiseleri.com.tr\/wp-content\/uploads\/2023\/05\/WhatsApp-Image-2023-04-27-at-18.52.38-2.jpeg'><img loading=\"lazy\" decoding=\"async\" width=\"800\" height=\"800\" src=\"http:\/\/kombiniselbiseleri.com.tr\/wp-content\/uploads\/2023\/05\/WhatsApp-Image-2023-04-27-at-18.52.38-2-800x800.jpeg\" class=\"attachment-woocommerce_thumbnail size-woocommerce_thumbnail\" alt=\"\" srcset=\"http:\/\/kombiniselbiseleri.com.tr\/wp-content\/uploads\/2023\/05\/WhatsApp-Image-2023-04-27-at-18.52.38-2-800x800.jpeg 800w, http:\/\/kombiniselbiseleri.com.tr\/wp-content\/uploads\/2023\/05\/WhatsApp-Image-2023-04-27-at-18.52.38-2-150x150.jpeg 150w, http:\/\/kombiniselbiseleri.com.tr\/wp-content\/uploads\/2023\/05\/WhatsApp-Image-2023-04-27-at-18.52.38-2-100x100.jpeg 100w\" sizes=\"(max-width: 800px) 100vw, 800px\" \/><\/a>\n\t\t\t<\/div><\/figure><figure class='gallery-item'>\n\t\t\t<div class='gallery-icon portrait'>\n\t\t\t\t<a data-elementor-open-lightbox=\"no\" href='http:\/\/kombiniselbiseleri.com.tr\/wp-content\/uploads\/2023\/05\/WhatsApp-Image-2023-04-27-at-18.52.37-3.jpeg'><img loading=\"lazy\" decoding=\"async\" width=\"800\" height=\"800\" src=\"http:\/\/kombiniselbiseleri.com.tr\/wp-content\/uploads\/2023\/05\/WhatsApp-Image-2023-04-27-at-18.52.37-3-800x800.jpeg\" class=\"attachment-woocommerce_thumbnail size-woocommerce_thumbnail\" alt=\"\" srcset=\"http:\/\/kombiniselbiseleri.com.tr\/wp-content\/uploads\/2023\/05\/WhatsApp-Image-2023-04-27-at-18.52.37-3-800x800.jpeg 800w, http:\/\/kombiniselbiseleri.com.tr\/wp-content\/uploads\/2023\/05\/WhatsApp-Image-2023-04-27-at-18.52.37-3-150x150.jpeg 150w, http:\/\/kombiniselbiseleri.com.tr\/wp-content\/uploads\/2023\/05\/WhatsApp-Image-2023-04-27-at-18.52.37-3-100x100.jpeg 100w\" sizes=\"(max-width: 800px) 100vw, 800px\" \/><\/a>\n\t\t\t<\/div><\/figure><figure class='gallery-item'>\n\t\t\t<div class='gallery-icon landscape'>\n\t\t\t\t<a data-elementor-open-lightbox=\"no\" href='http:\/\/kombiniselbiseleri.com.tr\/wp-content\/uploads\/2023\/05\/WhatsApp-Image-2023-04-27-at-18.52.37-1.jpeg'><img loading=\"lazy\" decoding=\"async\" width=\"800\" height=\"800\" src=\"http:\/\/kombiniselbiseleri.com.tr\/wp-content\/uploads\/2023\/05\/WhatsApp-Image-2023-04-27-at-18.52.37-1-800x800.jpeg\" class=\"attachment-woocommerce_thumbnail size-woocommerce_thumbnail\" alt=\"\" srcset=\"http:\/\/kombiniselbiseleri.com.tr\/wp-content\/uploads\/2023\/05\/WhatsApp-Image-2023-04-27-at-18.52.37-1-800x800.jpeg 800w, http:\/\/kombiniselbiseleri.com.tr\/wp-content\/uploads\/2023\/05\/WhatsApp-Image-2023-04-27-at-18.52.37-1-150x150.jpeg 150w, http:\/\/kombiniselbiseleri.com.tr\/wp-content\/uploads\/2023\/05\/WhatsApp-Image-2023-04-27-at-18.52.37-1-100x100.jpeg 100w\" sizes=\"(max-width: 800px) 100vw, 800px\" \/><\/a>\n\t\t\t<\/div><\/figure><figure class='gallery-item'>\n\t\t\t<div class='gallery-icon portrait'>\n\t\t\t\t<a data-elementor-open-lightbox=\"no\" href='http:\/\/kombiniselbiseleri.com.tr\/wp-content\/uploads\/2023\/05\/WhatsApp-Image-2023-04-27-at-18.52.37-2.jpeg'><img loading=\"lazy\" decoding=\"async\" width=\"800\" height=\"800\" src=\"http:\/\/kombiniselbiseleri.com.tr\/wp-content\/uploads\/2023\/05\/WhatsApp-Image-2023-04-27-at-18.52.37-2-800x800.jpeg\" class=\"attachment-woocommerce_thumbnail size-woocommerce_thumbnail\" alt=\"\" srcset=\"http:\/\/kombiniselbiseleri.com.tr\/wp-content\/uploads\/2023\/05\/WhatsApp-Image-2023-04-27-at-18.52.37-2-800x800.jpeg 800w, http:\/\/kombiniselbiseleri.com.tr\/wp-content\/uploads\/2023\/05\/WhatsApp-Image-2023-04-27-at-18.52.37-2-150x150.jpeg 150w, http:\/\/kombiniselbiseleri.com.tr\/wp-content\/uploads\/2023\/05\/WhatsApp-Image-2023-04-27-at-18.52.37-2-100x100.jpeg 100w\" sizes=\"(max-width: 800px) 100vw, 800px\" \/><\/a>\n\t\t\t<\/div><\/figure><figure class='gallery-item'>\n\t\t\t<div class='gallery-icon portrait'>\n\t\t\t\t<a data-elementor-open-lightbox=\"no\" href='http:\/\/kombiniselbiseleri.com.tr\/wp-content\/uploads\/2023\/05\/WhatsApp-Image-2023-04-27-at-18.52.36.jpeg'><img loading=\"lazy\" decoding=\"async\" width=\"800\" height=\"800\" src=\"http:\/\/kombiniselbiseleri.com.tr\/wp-content\/uploads\/2023\/05\/WhatsApp-Image-2023-04-27-at-18.52.36-800x800.jpeg\" class=\"attachment-woocommerce_thumbnail size-woocommerce_thumbnail\" alt=\"\" srcset=\"http:\/\/kombiniselbiseleri.com.tr\/wp-content\/uploads\/2023\/05\/WhatsApp-Image-2023-04-27-at-18.52.36-800x800.jpeg 800w, http:\/\/kombiniselbiseleri.com.tr\/wp-content\/uploads\/2023\/05\/WhatsApp-Image-2023-04-27-at-18.52.36-150x150.jpeg 150w, http:\/\/kombiniselbiseleri.com.tr\/wp-content\/uploads\/2023\/05\/WhatsApp-Image-2023-04-27-at-18.52.36-100x100.jpeg 100w\" sizes=\"(max-width: 800px) 100vw, 800px\" \/><\/a>\n\t\t\t<\/div><\/figure>\n\t\t<\/div>\n\t\t<\/div>\n\t\t\t\t\t\t<\/div>\n\t\t\t\t<\/div>\n\t\t\t\t\t<\/div>\n\t\t<\/div>\n\t\t\t\t\t<\/div>\n\t\t<\/section>\n\t\t\t\t<\/div>\n\t\t","protected":false},"excerpt":{"rendered":"<p>BASKI ve NAKI\u015e \u00d6zel sipari\u015flerinizde Logo veya Tasar\u0131m Bask\u0131 ve Nak\u0131\u015f uygulamas\u0131 yap\u0131yoruz. Varsa tasar\u0131m veya Logonuzu sipari\u015f ekran\u0131nda dosya olarak y\u00fckleyebilirsiniz. Sipari\u015f sorumlu personelimiz sizinle ileti\u015fime ge\u00e7ecektir. Baz\u0131 uygulamalar\u0131m\u0131z\u0131 a\u015fa\u011f\u0131daki galeriden g\u00f6rebilirsiniz. BASKI \u00d6RNEKLER\u0130M\u0130Z Nak\u0131\u015f \u00d6rneklerimiz<\/p>\n","protected":false},"author":2,"featured_media":0,"parent":0,"menu_order":0,"comment_status":"closed","ping_status":"closed","template":"","meta":{"_kad_post_transparent":"","_kad_post_title":"hide","_kad_post_layout":"fullwidth","_kad_post_sidebar_id":"","_kad_post_content_style":"unboxed","_kad_post_vertical_padding":"hide","_kad_post_feature":"hide","_kad_post_feature_position":"","_kad_post_header":false,"_kad_post_footer":false,"footnotes":""},"class_list":["post-1943","page","type-page","status-publish","hentry"],"_links":{"self":[{"href":"http:\/\/kombiniselbiseleri.com.tr\/index.php\/wp-json\/wp\/v2\/pages\/1943","targetHints":{"allow":["GET"]}}],"collection":[{"href":"http:\/\/kombiniselbiseleri.com.tr\/index.php\/wp-json\/wp\/v2\/pages"}],"about":[{"href":"http:\/\/kombiniselbiseleri.com.tr\/index.php\/wp-json\/wp\/v2\/types\/page"}],"author":[{"embeddable":true,"href":"http:\/\/kombiniselbiseleri.com.tr\/index.php\/wp-json\/wp\/v2\/users\/2"}],"replies":[{"embeddable":true,"href":"http:\/\/kombiniselbiseleri.com.tr\/index.php\/wp-json\/wp\/v2\/comments?post=1943"}],"version-history":[{"count":9,"href":"http:\/\/kombiniselbiseleri.com.tr\/index.php\/wp-json\/wp\/v2\/pages\/1943\/revisions"}],"predecessor-version":[{"id":1958,"href":"http:\/\/kombiniselbiseleri.com.tr\/index.php\/wp-json\/wp\/v2\/pages\/1943\/revisions\/1958"}],"wp:attachment":[{"href":"http:\/\/kombiniselbiseleri.com.tr\/index.php\/wp-json\/wp\/v2\/media?parent=1943"}],"curies":[{"name":"wp","href":"https:\/\/api.w.org\/{rel}","templated":true}]}}