{"id":1486,"date":"2023-03-29T07:23:08","date_gmt":"2023-03-29T07:23:08","guid":{"rendered":"http:\/\/kombiniselbiseleri.com.tr\/?page_id=1486"},"modified":"2023-05-07T01:37:47","modified_gmt":"2023-05-07T01:37:47","slug":"beden-tablosu","status":"publish","type":"page","link":"http:\/\/kombiniselbiseleri.com.tr\/index.php\/beden-tablosu\/","title":{"rendered":"Beden Tablosu"},"content":{"rendered":"\t\t<div data-elementor-type=\"wp-page\" data-elementor-id=\"1486\" class=\"elementor elementor-1486\">\n\t\t\t\t\t\t<section class=\"elementor-section elementor-top-section elementor-element elementor-element-6411a540 elementor-section-height-min-height elementor-section-boxed elementor-section-height-default elementor-section-items-middle\" data-id=\"6411a540\" data-element_type=\"section\" data-settings=\"{&quot;background_background&quot;:&quot;classic&quot;}\">\n\t\t\t\t\t\t\t<div class=\"elementor-background-overlay\"><\/div>\n\t\t\t\t\t\t\t<div class=\"elementor-container elementor-column-gap-extended\">\n\t\t\t\t\t<div class=\"elementor-column elementor-col-100 elementor-top-column elementor-element elementor-element-5640f92c\" data-id=\"5640f92c\" data-element_type=\"column\">\n\t\t\t<div class=\"elementor-widget-wrap elementor-element-populated\">\n\t\t\t\t\t\t<div class=\"elementor-element elementor-element-632e76fb elementor-widget elementor-widget-heading\" data-id=\"632e76fb\" data-element_type=\"widget\" data-widget_type=\"heading.default\">\n\t\t\t\t<div class=\"elementor-widget-container\">\n\t\t\t\t\t<h2 class=\"elementor-heading-title elementor-size-default\">Beden ve \u00d6l\u00e7\u00fc Tablolar\u0131<\/h2>\t\t\t\t<\/div>\n\t\t\t\t<\/div>\n\t\t\t\t\t<\/div>\n\t\t<\/div>\n\t\t\t\t\t<\/div>\n\t\t<\/section>\n\t\t\t\t<section class=\"elementor-section elementor-top-section elementor-element elementor-element-065d111 elementor-section-boxed elementor-section-height-default elementor-section-height-default\" data-id=\"065d111\" data-element_type=\"section\">\n\t\t\t\t\t\t<div class=\"elementor-container elementor-column-gap-default\">\n\t\t\t\t\t<div class=\"elementor-column elementor-col-50 elementor-top-column elementor-element elementor-element-5f8c607\" data-id=\"5f8c607\" data-element_type=\"column\">\n\t\t\t<div class=\"elementor-widget-wrap elementor-element-populated\">\n\t\t\t\t\t\t<div class=\"elementor-element elementor-element-adaf1bf elementor-widget elementor-widget-image\" data-id=\"adaf1bf\" data-element_type=\"widget\" data-widget_type=\"image.default\">\n\t\t\t\t<div class=\"elementor-widget-container\">\n\t\t\t\t\t\t\t\t\t\t\t\t\t\t\t\t<a href=\"http:\/\/kombiniselbiseleri.com.tr\/wp-content\/uploads\/2023\/04\/pantolon-beden.jpg\" data-elementor-open-lightbox=\"no\">\n\t\t\t\t\t\t\t<img decoding=\"async\" src=\"http:\/\/kombiniselbiseleri.com.tr\/wp-content\/uploads\/2023\/04\/pantolon-beden.jpg\" title=\"\" alt=\"\" loading=\"lazy\" \/>\t\t\t\t\t\t\t\t<\/a>\n\t\t\t\t\t\t\t\t\t\t\t\t\t\t\t<\/div>\n\t\t\t\t<\/div>\n\t\t\t\t\t<\/div>\n\t\t<\/div>\n\t\t\t\t<div class=\"elementor-column elementor-col-50 elementor-top-column elementor-element elementor-element-3955049\" data-id=\"3955049\" data-element_type=\"column\">\n\t\t\t<div class=\"elementor-widget-wrap elementor-element-populated\">\n\t\t\t\t\t\t<div class=\"elementor-element elementor-element-ca7cfba elementor-widget elementor-widget-image\" data-id=\"ca7cfba\" data-element_type=\"widget\" data-widget_type=\"image.default\">\n\t\t\t\t<div class=\"elementor-widget-container\">\n\t\t\t\t\t\t\t\t\t\t\t\t\t\t\t\t<a href=\"http:\/\/kombiniselbiseleri.com.tr\/wp-content\/uploads\/2023\/03\/onluk-beden.jpg\" data-elementor-open-lightbox=\"no\">\n\t\t\t\t\t\t\t<img fetchpriority=\"high\" decoding=\"async\" width=\"682\" height=\"1024\" src=\"http:\/\/kombiniselbiseleri.com.tr\/wp-content\/uploads\/2023\/03\/onluk-beden-682x1024.jpg\" class=\"attachment-large size-large wp-image-1489\" alt=\"\" srcset=\"http:\/\/kombiniselbiseleri.com.tr\/wp-content\/uploads\/2023\/03\/onluk-beden-682x1024.jpg 682w, http:\/\/kombiniselbiseleri.com.tr\/wp-content\/uploads\/2023\/03\/onluk-beden-200x300.jpg 200w, http:\/\/kombiniselbiseleri.com.tr\/wp-content\/uploads\/2023\/03\/onluk-beden-768x1153.jpg 768w, http:\/\/kombiniselbiseleri.com.tr\/wp-content\/uploads\/2023\/03\/onluk-beden-1023x1536.jpg 1023w, http:\/\/kombiniselbiseleri.com.tr\/wp-content\/uploads\/2023\/03\/onluk-beden-700x1051.jpg 700w, http:\/\/kombiniselbiseleri.com.tr\/wp-content\/uploads\/2023\/03\/onluk-beden.jpg 1066w\" sizes=\"(max-width: 682px) 100vw, 682px\" \/>\t\t\t\t\t\t\t\t<\/a>\n\t\t\t\t\t\t\t\t\t\t\t\t\t\t\t<\/div>\n\t\t\t\t<\/div>\n\t\t\t\t\t<\/div>\n\t\t<\/div>\n\t\t\t\t\t<\/div>\n\t\t<\/section>\n\t\t\t\t<section class=\"elementor-section elementor-top-section elementor-element elementor-element-6bed300b elementor-section-boxed elementor-section-height-default elementor-section-height-default\" data-id=\"6bed300b\" data-element_type=\"section\">\n\t\t\t\t\t\t<div class=\"elementor-container elementor-column-gap-default\">\n\t\t\t\t\t<div class=\"elementor-column elementor-col-50 elementor-top-column elementor-element elementor-element-49fe54ba\" data-id=\"49fe54ba\" data-element_type=\"column\">\n\t\t\t<div class=\"elementor-widget-wrap elementor-element-populated\">\n\t\t\t\t\t\t<div class=\"elementor-element elementor-element-9447f41 elementor-widget elementor-widget-image\" data-id=\"9447f41\" data-element_type=\"widget\" data-widget_type=\"image.default\">\n\t\t\t\t<div class=\"elementor-widget-container\">\n\t\t\t\t\t\t\t\t\t\t\t\t\t\t\t\t<a href=\"http:\/\/kombiniselbiseleri.com.tr\/wp-content\/uploads\/2023\/03\/img-24.jpeg\" data-elementor-open-lightbox=\"no\">\n\t\t\t\t\t\t\t<img decoding=\"async\" width=\"330\" height=\"415\" src=\"http:\/\/kombiniselbiseleri.com.tr\/wp-content\/uploads\/2023\/03\/img-24.jpeg\" class=\"attachment-large size-large wp-image-1232\" alt=\"\" srcset=\"http:\/\/kombiniselbiseleri.com.tr\/wp-content\/uploads\/2023\/03\/img-24.jpeg 330w, http:\/\/kombiniselbiseleri.com.tr\/wp-content\/uploads\/2023\/03\/img-24-239x300.jpeg 239w\" sizes=\"(max-width: 330px) 100vw, 330px\" \/>\t\t\t\t\t\t\t\t<\/a>\n\t\t\t\t\t\t\t\t\t\t\t\t\t\t\t<\/div>\n\t\t\t\t<\/div>\n\t\t\t\t\t<\/div>\n\t\t<\/div>\n\t\t\t\t<div class=\"elementor-column elementor-col-50 elementor-top-column elementor-element elementor-element-708f328c\" data-id=\"708f328c\" data-element_type=\"column\">\n\t\t\t<div class=\"elementor-widget-wrap elementor-element-populated\">\n\t\t\t\t\t\t<div class=\"elementor-element elementor-element-fb10abd elementor-widget elementor-widget-image\" data-id=\"fb10abd\" data-element_type=\"widget\" data-widget_type=\"image.default\">\n\t\t\t\t<div class=\"elementor-widget-container\">\n\t\t\t\t\t\t\t\t\t\t\t\t\t\t\t\t<a href=\"http:\/\/kombiniselbiseleri.com.tr\/wp-content\/uploads\/2023\/03\/tsort-beden.jpg\" data-elementor-open-lightbox=\"no\">\n\t\t\t\t\t\t\t<img decoding=\"async\" width=\"1024\" height=\"635\" src=\"http:\/\/kombiniselbiseleri.com.tr\/wp-content\/uploads\/2023\/03\/tsort-beden.jpg\" class=\"attachment-large size-large wp-image-1490\" alt=\"\" srcset=\"http:\/\/kombiniselbiseleri.com.tr\/wp-content\/uploads\/2023\/03\/tsort-beden.jpg 1024w, http:\/\/kombiniselbiseleri.com.tr\/wp-content\/uploads\/2023\/03\/tsort-beden-300x186.jpg 300w, http:\/\/kombiniselbiseleri.com.tr\/wp-content\/uploads\/2023\/03\/tsort-beden-768x476.jpg 768w, http:\/\/kombiniselbiseleri.com.tr\/wp-content\/uploads\/2023\/03\/tsort-beden-700x434.jpg 700w\" sizes=\"(max-width: 1024px) 100vw, 1024px\" \/>\t\t\t\t\t\t\t\t<\/a>\n\t\t\t\t\t\t\t\t\t\t\t\t\t\t\t<\/div>\n\t\t\t\t<\/div>\n\t\t\t\t\t<\/div>\n\t\t<\/div>\n\t\t\t\t\t<\/div>\n\t\t<\/section>\n\t\t\t\t<section class=\"elementor-section elementor-top-section elementor-element elementor-element-2104f613 elementor-section-full_width elementor-section-height-default elementor-section-height-default\" data-id=\"2104f613\" data-element_type=\"section\">\n\t\t\t\t\t\t<div class=\"elementor-container elementor-column-gap-default\">\n\t\t\t\t\t<div class=\"elementor-column elementor-col-100 elementor-top-column elementor-element elementor-element-2c0a6168\" data-id=\"2c0a6168\" data-element_type=\"column\">\n\t\t\t<div class=\"elementor-widget-wrap elementor-element-populated\">\n\t\t\t\t\t\t<div class=\"elementor-element elementor-element-a111004 elementor-arrows-position-inside elementor-pagination-position-outside elementor-widget elementor-widget-image-carousel\" data-id=\"a111004\" data-element_type=\"widget\" data-settings=\"{&quot;slides_to_show&quot;:&quot;5&quot;,&quot;navigation&quot;:&quot;both&quot;,&quot;autoplay&quot;:&quot;yes&quot;,&quot;pause_on_hover&quot;:&quot;yes&quot;,&quot;pause_on_interaction&quot;:&quot;yes&quot;,&quot;autoplay_speed&quot;:5000,&quot;infinite&quot;:&quot;yes&quot;,&quot;speed&quot;:500}\" data-widget_type=\"image-carousel.default\">\n\t\t\t\t<div class=\"elementor-widget-container\">\n\t\t\t\t\t\t\t<div class=\"elementor-image-carousel-wrapper swiper\" role=\"region\" aria-roledescription=\"carousel\" aria-label=\"Resim D\u00f6ng\u00fcs\u00fc\" dir=\"ltr\">\n\t\t\t<div class=\"elementor-image-carousel swiper-wrapper\" aria-live=\"off\">\n\t\t\t\t\t\t\t\t<div class=\"swiper-slide\" role=\"group\" aria-roledescription=\"slide\" aria-label=\"1 \/ 13\"><figure class=\"swiper-slide-inner\"><img decoding=\"async\" class=\"swiper-slide-image\" src=\"http:\/\/kombiniselbiseleri.com.tr\/wp-content\/uploads\/2023\/03\/WhatsApp-Image-2023-02-26-at-13.50.53-1-1.jpeg\" alt=\"WhatsApp Image 2023-02-26 at 13.50.53 (1)\" \/><\/figure><\/div><div class=\"swiper-slide\" role=\"group\" aria-roledescription=\"slide\" aria-label=\"2 \/ 13\"><figure class=\"swiper-slide-inner\"><img decoding=\"async\" class=\"swiper-slide-image\" src=\"http:\/\/kombiniselbiseleri.com.tr\/wp-content\/uploads\/2023\/03\/WhatsApp-Image-2023-02-26-at-13.50.53-2.jpeg\" alt=\"WhatsApp Image 2023-02-26 at 13.50.53\" \/><\/figure><\/div><div class=\"swiper-slide\" role=\"group\" aria-roledescription=\"slide\" aria-label=\"3 \/ 13\"><figure class=\"swiper-slide-inner\"><img decoding=\"async\" class=\"swiper-slide-image\" src=\"http:\/\/kombiniselbiseleri.com.tr\/wp-content\/uploads\/2023\/03\/WhatsApp-Image-2023-02-26-at-13.50.54-1-1.jpeg\" alt=\"WhatsApp Image 2023-02-26 at 13.50.54 (1)\" \/><\/figure><\/div><div class=\"swiper-slide\" role=\"group\" aria-roledescription=\"slide\" aria-label=\"4 \/ 13\"><figure class=\"swiper-slide-inner\"><img decoding=\"async\" class=\"swiper-slide-image\" src=\"http:\/\/kombiniselbiseleri.com.tr\/wp-content\/uploads\/2023\/03\/WhatsApp-Image-2023-02-26-at-13.50.54-2-1.jpeg\" alt=\"WhatsApp Image 2023-02-26 at 13.50.54 (2)\" \/><\/figure><\/div><div class=\"swiper-slide\" role=\"group\" aria-roledescription=\"slide\" aria-label=\"5 \/ 13\"><figure class=\"swiper-slide-inner\"><img decoding=\"async\" class=\"swiper-slide-image\" src=\"http:\/\/kombiniselbiseleri.com.tr\/wp-content\/uploads\/2023\/03\/WhatsApp-Image-2023-02-26-at-13.50.54-3-1.jpeg\" alt=\"WhatsApp Image 2023-02-26 at 13.50.54 (3)\" \/><\/figure><\/div><div class=\"swiper-slide\" role=\"group\" aria-roledescription=\"slide\" aria-label=\"6 \/ 13\"><figure class=\"swiper-slide-inner\"><img decoding=\"async\" class=\"swiper-slide-image\" src=\"http:\/\/kombiniselbiseleri.com.tr\/wp-content\/uploads\/2023\/03\/WhatsApp-Image-2023-02-26-at-13.50.54-4.jpeg\" alt=\"WhatsApp Image 2023-02-26 at 13.50.54\" \/><\/figure><\/div><div class=\"swiper-slide\" role=\"group\" aria-roledescription=\"slide\" aria-label=\"7 \/ 13\"><figure class=\"swiper-slide-inner\"><img decoding=\"async\" class=\"swiper-slide-image\" src=\"http:\/\/kombiniselbiseleri.com.tr\/wp-content\/uploads\/2023\/03\/WhatsApp-Image-2023-02-26-at-13.50.55-1-1.jpeg\" alt=\"WhatsApp Image 2023-02-26 at 13.50.55 (1)\" \/><\/figure><\/div><div class=\"swiper-slide\" role=\"group\" aria-roledescription=\"slide\" aria-label=\"8 \/ 13\"><figure class=\"swiper-slide-inner\"><img decoding=\"async\" class=\"swiper-slide-image\" src=\"http:\/\/kombiniselbiseleri.com.tr\/wp-content\/uploads\/2023\/03\/WhatsApp-Image-2023-02-26-at-13.50.55-2-1.jpeg\" alt=\"WhatsApp Image 2023-02-26 at 13.50.55 (2)\" \/><\/figure><\/div><div class=\"swiper-slide\" role=\"group\" aria-roledescription=\"slide\" aria-label=\"9 \/ 13\"><figure class=\"swiper-slide-inner\"><img decoding=\"async\" class=\"swiper-slide-image\" src=\"http:\/\/kombiniselbiseleri.com.tr\/wp-content\/uploads\/2023\/03\/WhatsApp-Image-2023-02-26-at-13.50.55-3.jpeg\" alt=\"WhatsApp Image 2023-02-26 at 13.50.55\" \/><\/figure><\/div><div class=\"swiper-slide\" role=\"group\" aria-roledescription=\"slide\" aria-label=\"10 \/ 13\"><figure class=\"swiper-slide-inner\"><img decoding=\"async\" class=\"swiper-slide-image\" src=\"http:\/\/kombiniselbiseleri.com.tr\/wp-content\/uploads\/2023\/03\/WhatsApp-Image-2023-02-26-at-13.50.56-1-1.jpeg\" alt=\"WhatsApp Image 2023-02-26 at 13.50.56 (1)\" \/><\/figure><\/div><div class=\"swiper-slide\" role=\"group\" aria-roledescription=\"slide\" aria-label=\"11 \/ 13\"><figure class=\"swiper-slide-inner\"><img decoding=\"async\" class=\"swiper-slide-image\" src=\"http:\/\/kombiniselbiseleri.com.tr\/wp-content\/uploads\/2023\/03\/WhatsApp-Image-2023-02-26-at-13.50.56-2-1.jpeg\" alt=\"WhatsApp Image 2023-02-26 at 13.50.56 (2)\" \/><\/figure><\/div><div class=\"swiper-slide\" role=\"group\" aria-roledescription=\"slide\" aria-label=\"12 \/ 13\"><figure class=\"swiper-slide-inner\"><img decoding=\"async\" class=\"swiper-slide-image\" src=\"http:\/\/kombiniselbiseleri.com.tr\/wp-content\/uploads\/2023\/03\/WhatsApp-Image-2023-02-26-at-13.50.56-3.jpeg\" alt=\"WhatsApp Image 2023-02-26 at 13.50.56\" \/><\/figure><\/div><div class=\"swiper-slide\" role=\"group\" aria-roledescription=\"slide\" aria-label=\"13 \/ 13\"><figure class=\"swiper-slide-inner\"><img decoding=\"async\" class=\"swiper-slide-image\" src=\"http:\/\/kombiniselbiseleri.com.tr\/wp-content\/uploads\/2023\/03\/WhatsApp-Image-2023-02-26-at-13.50.57-1.jpeg\" alt=\"WhatsApp Image 2023-02-26 at 13.50.57\" \/><\/figure><\/div>\t\t\t<\/div>\n\t\t\t\t\t\t\t\t\t\t\t\t<div class=\"elementor-swiper-button elementor-swiper-button-prev\" role=\"button\" tabindex=\"0\">\n\t\t\t\t\t\t<i aria-hidden=\"true\" class=\"eicon-chevron-left\"><\/i>\t\t\t\t\t<\/div>\n\t\t\t\t\t<div class=\"elementor-swiper-button elementor-swiper-button-next\" role=\"button\" tabindex=\"0\">\n\t\t\t\t\t\t<i aria-hidden=\"true\" class=\"eicon-chevron-right\"><\/i>\t\t\t\t\t<\/div>\n\t\t\t\t\n\t\t\t\t\t\t\t\t\t<div class=\"swiper-pagination\"><\/div>\n\t\t\t\t\t\t\t\t\t<\/div>\n\t\t\t\t\t\t<\/div>\n\t\t\t\t<\/div>\n\t\t\t\t\t<\/div>\n\t\t<\/div>\n\t\t\t\t\t<\/div>\n\t\t<\/section>\n\t\t\t\t<\/div>\n\t\t","protected":false},"excerpt":{"rendered":"<p>Beden ve \u00d6l\u00e7\u00fc Tablolar\u0131 \u00d6nceki Sonraki<\/p>\n","protected":false},"author":2,"featured_media":0,"parent":0,"menu_order":0,"comment_status":"closed","ping_status":"closed","template":"","meta":{"_kad_post_transparent":"","_kad_post_title":"hide","_kad_post_layout":"fullwidth","_kad_post_sidebar_id":"","_kad_post_content_style":"unboxed","_kad_post_vertical_padding":"hide","_kad_post_feature":"hide","_kad_post_feature_position":"","_kad_post_header":false,"_kad_post_footer":false,"footnotes":""},"class_list":["post-1486","page","type-page","status-publish","hentry"],"_links":{"self":[{"href":"http:\/\/kombiniselbiseleri.com.tr\/index.php\/wp-json\/wp\/v2\/pages\/1486","targetHints":{"allow":["GET"]}}],"collection":[{"href":"http:\/\/kombiniselbiseleri.com.tr\/index.php\/wp-json\/wp\/v2\/pages"}],"about":[{"href":"http:\/\/kombiniselbiseleri.com.tr\/index.php\/wp-json\/wp\/v2\/types\/page"}],"author":[{"embeddable":true,"href":"http:\/\/kombiniselbiseleri.com.tr\/index.php\/wp-json\/wp\/v2\/users\/2"}],"replies":[{"embeddable":true,"href":"http:\/\/kombiniselbiseleri.com.tr\/index.php\/wp-json\/wp\/v2\/comments?post=1486"}],"version-history":[{"count":34,"href":"http:\/\/kombiniselbiseleri.com.tr\/index.php\/wp-json\/wp\/v2\/pages\/1486\/revisions"}],"predecessor-version":[{"id":1883,"href":"http:\/\/kombiniselbiseleri.com.tr\/index.php\/wp-json\/wp\/v2\/pages\/1486\/revisions\/1883"}],"wp:attachment":[{"href":"http:\/\/kombiniselbiseleri.com.tr\/index.php\/wp-json\/wp\/v2\/media?parent=1486"}],"curies":[{"name":"wp","href":"https:\/\/api.w.org\/{rel}","templated":true}]}}